{"id":824,"date":"2022-02-24T19:59:20","date_gmt":"2022-02-24T18:59:20","guid":{"rendered":"http:\/\/svannenheide.de\/?page_id=824"},"modified":"2023-01-12T12:43:55","modified_gmt":"2023-01-12T11:43:55","slug":"schiessplan-digital","status":"publish","type":"page","link":"https:\/\/svannenheide.de\/?page_id=824","title":{"rendered":"Schie\u00dfplan Digital!"},"content":{"rendered":"\n<p>Unseren Schie\u00dfplan k\u00f6nnt ihr k\u00fcnftig ganz einfach mit dem Smartphone abonnieren oder in euren Kalender importieren!<\/p>\n\n\n\n<p>Achtung! Unter Android kommt es derweil potentiell zu ungew\u00fcnschem Verhalten und zu Problemen bei der nachtr\u00e4glichen Aktualisierung!<\/p>\n\n\n\n<p><\/p>\n\n\n\n<div class=\"wp-block-buttons is-layout-flex wp-block-buttons-is-layout-flex\">\n<div class=\"wp-block-button\"><a class=\"wp-block-button__link wp-element-button\" href=\"http:\/\/svannenheide.de\/wp-content\/uploads\/2022\/02\/Schuetzenverein-Annenheide.ics\" target=\"_blank\" rel=\"noreferrer noopener\">Kalender hinzuf\u00fcgen<\/a><\/div>\n\n\n\n<div class=\"wp-block-button\"><a class=\"wp-block-button__link wp-element-button\" href=\"https:\/\/svannenheide.de\/?page_id=1027\" target=\"_blank\" rel=\"noreferrer noopener\">Anleitungen<\/a><\/div>\n<\/div>\n\n\n\n<p><\/p>\n","protected":false},"excerpt":{"rendered":"<p>Unseren Schie\u00dfplan k\u00f6nnt ihr k\u00fcnftig ganz einfach mit dem Smartphone abonnieren oder in euren Kalender importieren! Achtung! Unter Android kommt es derweil potentiell zu ungew\u00fcnschem Verhalten und zu Problemen bei der nachtr\u00e4glichen Aktualisierung!<\/p>\n","protected":false},"author":2,"featured_media":0,"parent":0,"menu_order":0,"comment_status":"closed","ping_status":"closed","template":"","meta":{"footnotes":""},"class_list":["post-824","page","type-page","status-publish","hentry"],"_links":{"self":[{"href":"https:\/\/svannenheide.de\/index.php?rest_route=\/wp\/v2\/pages\/824","targetHints":{"allow":["GET"]}}],"collection":[{"href":"https:\/\/svannenheide.de\/index.php?rest_route=\/wp\/v2\/pages"}],"about":[{"href":"https:\/\/svannenheide.de\/index.php?rest_route=\/wp\/v2\/types\/page"}],"author":[{"embeddable":true,"href":"https:\/\/svannenheide.de\/index.php?rest_route=\/wp\/v2\/users\/2"}],"replies":[{"embeddable":true,"href":"https:\/\/svannenheide.de\/index.php?rest_route=%2Fwp%2Fv2%2Fcomments&post=824"}],"version-history":[{"count":6,"href":"https:\/\/svannenheide.de\/index.php?rest_route=\/wp\/v2\/pages\/824\/revisions"}],"predecessor-version":[{"id":1029,"href":"https:\/\/svannenheide.de\/index.php?rest_route=\/wp\/v2\/pages\/824\/revisions\/1029"}],"wp:attachment":[{"href":"https:\/\/svannenheide.de\/index.php?rest_route=%2Fwp%2Fv2%2Fmedia&parent=824"}],"curies":[{"name":"wp","href":"https:\/\/api.w.org\/{rel}","templated":true}]}}