{"id":8,"date":"2017-06-12T23:55:32","date_gmt":"2017-06-12T21:55:32","guid":{"rendered":"http:\/\/192.168.1.28\/svannenheide\/?page_id=8"},"modified":"2025-10-29T17:26:38","modified_gmt":"2025-10-29T16:26:38","slug":"ueber-mich","status":"publish","type":"page","link":"https:\/\/svannenheide.de\/?page_id=8","title":{"rendered":"\u00dcber uns"},"content":{"rendered":"<p>Der SV Annenheide ist ein im Delmenhorster Stadtteil Annenheide \/ Hasport ans\u00e4ssiger Sch\u00fctzenverein mit rund 250 Mitgliedern. Wir sind, wegen der F\u00f6rderung des Schie\u00dfsportes ein anerkannter und gef\u00f6rderter gemeinn\u00fctziger Verein.<\/p>\n","protected":false},"excerpt":{"rendered":"<p>Der SV Annenheide ist ein im Delmenhorster Stadtteil Annenheide \/ Hasport ans\u00e4ssiger Sch\u00fctzenverein mit rund 250 Mitgliedern. Wir sind, wegen der F\u00f6rderung des Schie\u00dfsportes ein anerkannter und gef\u00f6rderter gemeinn\u00fctziger Verein.<\/p>\n","protected":false},"author":1,"featured_media":0,"parent":0,"menu_order":0,"comment_status":"closed","ping_status":"closed","template":"","meta":{"footnotes":""},"class_list":["post-8","page","type-page","status-publish","hentry"],"_links":{"self":[{"href":"https:\/\/svannenheide.de\/index.php?rest_route=\/wp\/v2\/pages\/8","targetHints":{"allow":["GET"]}}],"collection":[{"href":"https:\/\/svannenheide.de\/index.php?rest_route=\/wp\/v2\/pages"}],"about":[{"href":"https:\/\/svannenheide.de\/index.php?rest_route=\/wp\/v2\/types\/page"}],"author":[{"embeddable":true,"href":"https:\/\/svannenheide.de\/index.php?rest_route=\/wp\/v2\/users\/1"}],"replies":[{"embeddable":true,"href":"https:\/\/svannenheide.de\/index.php?rest_route=%2Fwp%2Fv2%2Fcomments&post=8"}],"version-history":[{"count":10,"href":"https:\/\/svannenheide.de\/index.php?rest_route=\/wp\/v2\/pages\/8\/revisions"}],"predecessor-version":[{"id":1445,"href":"https:\/\/svannenheide.de\/index.php?rest_route=\/wp\/v2\/pages\/8\/revisions\/1445"}],"wp:attachment":[{"href":"https:\/\/svannenheide.de\/index.php?rest_route=%2Fwp%2Fv2%2Fmedia&parent=8"}],"curies":[{"name":"wp","href":"https:\/\/api.w.org\/{rel}","templated":true}]}}