{"id":73,"date":"2017-06-13T02:07:18","date_gmt":"2017-06-13T00:07:18","guid":{"rendered":"http:\/\/192.168.1.28\/svannenheide\/?page_id=73"},"modified":"2025-06-11T22:54:15","modified_gmt":"2025-06-11T20:54:15","slug":"schiesssportanlage","status":"publish","type":"page","link":"https:\/\/svannenheide.de\/?page_id=73","title":{"rendered":"Schie\u00dfsportanlage"},"content":{"rendered":"\n<p>Folgende Disziplinen k\u00f6nnen bei uns geschossen werden:<\/p>\n\n\n\n<p>Luftgewehr, Luftpistole, Kleinkalibergewehr, Zimmerstutzen, Armbrust, Bogen und Blasrohr.<\/p>\n\n\n\n<p><span style=\"font-size: revert;\">Die Schie\u00dfsportanlage unseres Vereins hat die folgende Anschrift:<\/span><\/p>\n\n\n\n<p>Sch\u00fctzenverein Annenheide<br>Annenheider Stra\u00dfe 200A<br>27755 Delmenhorst<\/p>\n\n\n\n<p>Klicken und Ziehen Sie einfach mit der Maus in das Bild um die Ansicht zu bewegen.<\/p>\n\n\n\n<iframe loading=\"lazy\" src=\"https:\/\/henfi.de\/rundtouren\/svannenheide\/\" width=\"100%\" height=\"400\" allowfullscreen> <\/iframe>\n\n\n\n<p><a href=\"http:\/\/svannenheide.de\/?page_id=555\"><strong>Sollten ein Problem mit den 360\u00b0 Ansichten bestehen nutzen Sie die&nbsp;klassische Fotogalerie! Einfach klicken!<\/strong><\/a><\/p>\n\n\n\n<p><\/p>\n","protected":false},"excerpt":{"rendered":"<p>Folgende Disziplinen k\u00f6nnen bei uns geschossen werden: Luftgewehr, Luftpistole, Kleinkalibergewehr, Zimmerstutzen, Armbrust, Bogen und Blasrohr. Die Schie\u00dfsportanlage unseres Vereins hat die folgende Anschrift: Sch\u00fctzenverein AnnenheideAnnenheider Stra\u00dfe 200A27755 Delmenhorst Klicken und Ziehen Sie einfach mit der Maus in das Bild um die Ansicht zu bewegen. Sollten ein Problem mit den 360\u00b0 Ansichten bestehen nutzen Sie die&nbsp;klassische &hellip; <\/p>\n<p class=\"link-more\"><a href=\"https:\/\/svannenheide.de\/?page_id=73\" class=\"more-link\"><span class=\"screen-reader-text\">\u201eSchie\u00dfsportanlage\u201c <\/span>weiterlesen<\/a><\/p>\n","protected":false},"author":1,"featured_media":0,"parent":0,"menu_order":0,"comment_status":"closed","ping_status":"closed","template":"","meta":{"footnotes":""},"class_list":["post-73","page","type-page","status-publish","hentry"],"_links":{"self":[{"href":"https:\/\/svannenheide.de\/index.php?rest_route=\/wp\/v2\/pages\/73","targetHints":{"allow":["GET"]}}],"collection":[{"href":"https:\/\/svannenheide.de\/index.php?rest_route=\/wp\/v2\/pages"}],"about":[{"href":"https:\/\/svannenheide.de\/index.php?rest_route=\/wp\/v2\/types\/page"}],"author":[{"embeddable":true,"href":"https:\/\/svannenheide.de\/index.php?rest_route=\/wp\/v2\/users\/1"}],"replies":[{"embeddable":true,"href":"https:\/\/svannenheide.de\/index.php?rest_route=%2Fwp%2Fv2%2Fcomments&post=73"}],"version-history":[{"count":17,"href":"https:\/\/svannenheide.de\/index.php?rest_route=\/wp\/v2\/pages\/73\/revisions"}],"predecessor-version":[{"id":1418,"href":"https:\/\/svannenheide.de\/index.php?rest_route=\/wp\/v2\/pages\/73\/revisions\/1418"}],"wp:attachment":[{"href":"https:\/\/svannenheide.de\/index.php?rest_route=%2Fwp%2Fv2%2Fmedia&parent=73"}],"curies":[{"name":"wp","href":"https:\/\/api.w.org\/{rel}","templated":true}]}}