{"id":7,"date":"2017-06-12T23:55:26","date_gmt":"2017-06-12T21:55:26","guid":{"rendered":"http:\/\/192.168.1.28\/svannenheide\/?page_id=7"},"modified":"2025-10-29T17:26:08","modified_gmt":"2025-10-29T16:26:08","slug":"startseite","status":"publish","type":"page","link":"https:\/\/svannenheide.de\/","title":{"rendered":"Startseite"},"content":{"rendered":"<p><strong>Herzlich Willkommen auf unserer Internetseite!<\/strong><br \/>\nWir freuen uns, Sie hier begr\u00fc\u00dfen zu d\u00fcrfen.<\/p>\n<p>Der Sch\u00fctzenverein Annenheide ist der Sch\u00fctzenverein in Delmenhorst Annenheide mit rund 250 Mitgliedern.<\/p>\n<p>Die Bilder, Videos und Informationen, die Sie auf dieser Webseite finden k\u00f6nnen sind urheberrechtlich gesch\u00fctzt. Die Verwendung dieser Medien bedarf daher unserer Zustimmung. Schreiben Sie uns einfach!<\/p>\n","protected":false},"excerpt":{"rendered":"<p>Herzlich Willkommen auf unserer Internetseite! Wir freuen uns, Sie hier begr\u00fc\u00dfen zu d\u00fcrfen. Der Sch\u00fctzenverein Annenheide ist der Sch\u00fctzenverein in Delmenhorst Annenheide mit rund 250 Mitgliedern. Die Bilder, Videos und Informationen, die Sie auf dieser Webseite finden k\u00f6nnen sind urheberrechtlich gesch\u00fctzt. Die Verwendung dieser Medien bedarf daher unserer Zustimmung. Schreiben Sie uns einfach!<\/p>\n","protected":false},"author":1,"featured_media":0,"parent":0,"menu_order":0,"comment_status":"closed","ping_status":"closed","template":"","meta":{"footnotes":""},"class_list":["post-7","page","type-page","status-publish","hentry"],"_links":{"self":[{"href":"https:\/\/svannenheide.de\/index.php?rest_route=\/wp\/v2\/pages\/7","targetHints":{"allow":["GET"]}}],"collection":[{"href":"https:\/\/svannenheide.de\/index.php?rest_route=\/wp\/v2\/pages"}],"about":[{"href":"https:\/\/svannenheide.de\/index.php?rest_route=\/wp\/v2\/types\/page"}],"author":[{"embeddable":true,"href":"https:\/\/svannenheide.de\/index.php?rest_route=\/wp\/v2\/users\/1"}],"replies":[{"embeddable":true,"href":"https:\/\/svannenheide.de\/index.php?rest_route=%2Fwp%2Fv2%2Fcomments&post=7"}],"version-history":[{"count":10,"href":"https:\/\/svannenheide.de\/index.php?rest_route=\/wp\/v2\/pages\/7\/revisions"}],"predecessor-version":[{"id":1444,"href":"https:\/\/svannenheide.de\/index.php?rest_route=\/wp\/v2\/pages\/7\/revisions\/1444"}],"wp:attachment":[{"href":"https:\/\/svannenheide.de\/index.php?rest_route=%2Fwp%2Fv2%2Fmedia&parent=7"}],"curies":[{"name":"wp","href":"https:\/\/api.w.org\/{rel}","templated":true}]}}