{"id":394,"date":"2018-09-03T16:51:07","date_gmt":"2018-09-03T14:51:07","guid":{"rendered":"http:\/\/svannenheide.de\/?page_id=394"},"modified":"2018-09-03T17:13:20","modified_gmt":"2018-09-03T15:13:20","slug":"schuetzenfest-3","status":"publish","type":"page","link":"https:\/\/svannenheide.de\/?page_id=394","title":{"rendered":"Sch\u00fctzenfest"},"content":{"rendered":"<div id='gallery-1' class='gallery galleryid-394 gallery-columns-3 gallery-size-thumbnail'><figure class='gallery-item'>\n\t\t\t<div class='gallery-icon landscape'>\n\t\t\t\t<a href='https:\/\/svannenheide.de\/?attachment_id=403'><img loading=\"lazy\" decoding=\"async\" width=\"150\" height=\"150\" src=\"https:\/\/svannenheide.de\/wp-content\/uploads\/2018\/09\/DSC_0018-150x150.jpg\" class=\"attachment-thumbnail size-thumbnail\" alt=\"\" aria-describedby=\"gallery-1-403\" srcset=\"https:\/\/svannenheide.de\/wp-content\/uploads\/2018\/09\/DSC_0018-150x150.jpg 150w, https:\/\/svannenheide.de\/wp-content\/uploads\/2018\/09\/DSC_0018-100x100.jpg 100w\" sizes=\"auto, 100vw\" \/><\/a>\n\t\t\t<\/div>\n\t\t\t\t<figcaption class='wp-caption-text gallery-caption' id='gallery-1-403'>\n\t\t\t\tDer Sch\u00fclerk\u00f6nig mit seinem Boss.\n\t\t\t\t<\/figcaption><\/figure><figure class='gallery-item'>\n\t\t\t<div class='gallery-icon landscape'>\n\t\t\t\t<a href='https:\/\/svannenheide.de\/?attachment_id=404'><img loading=\"lazy\" decoding=\"async\" width=\"150\" height=\"150\" src=\"https:\/\/svannenheide.de\/wp-content\/uploads\/2018\/09\/DSC_0126-150x150.jpg\" class=\"attachment-thumbnail size-thumbnail\" alt=\"\" aria-describedby=\"gallery-1-404\" srcset=\"https:\/\/svannenheide.de\/wp-content\/uploads\/2018\/09\/DSC_0126-150x150.jpg 150w, https:\/\/svannenheide.de\/wp-content\/uploads\/2018\/09\/DSC_0126-100x100.jpg 100w\" sizes=\"auto, 100vw\" \/><\/a>\n\t\t\t<\/div>\n\t\t\t\t<figcaption class='wp-caption-text gallery-caption' id='gallery-1-404'>\n\t\t\t\tDie Vizek\u00f6nige des Jahres 2018.\n\t\t\t\t<\/figcaption><\/figure><figure class='gallery-item'>\n\t\t\t<div class='gallery-icon landscape'>\n\t\t\t\t<a href='https:\/\/svannenheide.de\/?attachment_id=407'><img loading=\"lazy\" decoding=\"async\" width=\"150\" height=\"150\" src=\"https:\/\/svannenheide.de\/wp-content\/uploads\/2018\/09\/DSC_0175-150x150.jpg\" class=\"attachment-thumbnail size-thumbnail\" alt=\"\" aria-describedby=\"gallery-1-407\" srcset=\"https:\/\/svannenheide.de\/wp-content\/uploads\/2018\/09\/DSC_0175-150x150.jpg 150w, https:\/\/svannenheide.de\/wp-content\/uploads\/2018\/09\/DSC_0175-100x100.jpg 100w\" sizes=\"auto, 100vw\" \/><\/a>\n\t\t\t<\/div>\n\t\t\t\t<figcaption class='wp-caption-text gallery-caption' id='gallery-1-407'>\n\t\t\t\tAchtung &#8211; Kamera!\n\t\t\t\t<\/figcaption><\/figure><figure class='gallery-item'>\n\t\t\t<div class='gallery-icon landscape'>\n\t\t\t\t<a href='https:\/\/svannenheide.de\/?attachment_id=405'><img loading=\"lazy\" decoding=\"async\" width=\"150\" height=\"150\" src=\"https:\/\/svannenheide.de\/wp-content\/uploads\/2018\/09\/DSC_0146-150x150.jpg\" class=\"attachment-thumbnail size-thumbnail\" alt=\"\" aria-describedby=\"gallery-1-405\" srcset=\"https:\/\/svannenheide.de\/wp-content\/uploads\/2018\/09\/DSC_0146-150x150.jpg 150w, https:\/\/svannenheide.de\/wp-content\/uploads\/2018\/09\/DSC_0146-100x100.jpg 100w\" sizes=\"auto, 100vw\" \/><\/a>\n\t\t\t<\/div>\n\t\t\t\t<figcaption class='wp-caption-text gallery-caption' id='gallery-1-405'>\n\t\t\t\tMusik gab es \u00fcbrigens auch \ud83d\ude42\n\t\t\t\t<\/figcaption><\/figure><figure class='gallery-item'>\n\t\t\t<div class='gallery-icon landscape'>\n\t\t\t\t<a href='https:\/\/svannenheide.de\/?attachment_id=408'><img loading=\"lazy\" decoding=\"async\" width=\"150\" height=\"150\" src=\"https:\/\/svannenheide.de\/wp-content\/uploads\/2018\/09\/DSC_0656-150x150.jpg\" class=\"attachment-thumbnail size-thumbnail\" alt=\"\" aria-describedby=\"gallery-1-408\" srcset=\"https:\/\/svannenheide.de\/wp-content\/uploads\/2018\/09\/DSC_0656-150x150.jpg 150w, https:\/\/svannenheide.de\/wp-content\/uploads\/2018\/09\/DSC_0656-100x100.jpg 100w\" sizes=\"auto, 100vw\" \/><\/a>\n\t\t\t<\/div>\n\t\t\t\t<figcaption class='wp-caption-text gallery-caption' id='gallery-1-408'>\n\t\t\t\tBilder vom Umzug am Sonntag \ud83d\ude42\n\t\t\t\t<\/figcaption><\/figure><figure class='gallery-item'>\n\t\t\t<div class='gallery-icon landscape'>\n\t\t\t\t<a href='https:\/\/svannenheide.de\/?attachment_id=398'><img loading=\"lazy\" decoding=\"async\" width=\"150\" height=\"150\" src=\"https:\/\/svannenheide.de\/wp-content\/uploads\/2018\/09\/DSC_0745-150x150.jpg\" class=\"attachment-thumbnail size-thumbnail\" alt=\"\" aria-describedby=\"gallery-1-398\" srcset=\"https:\/\/svannenheide.de\/wp-content\/uploads\/2018\/09\/DSC_0745-150x150.jpg 150w, https:\/\/svannenheide.de\/wp-content\/uploads\/2018\/09\/DSC_0745-100x100.jpg 100w\" sizes=\"auto, 100vw\" \/><\/a>\n\t\t\t<\/div>\n\t\t\t\t<figcaption class='wp-caption-text gallery-caption' id='gallery-1-398'>\n\t\t\t\tUm einfach mal Louis de Funes zu zitieren: Nein, doch, Oh!\n\t\t\t\t<\/figcaption><\/figure><figure class='gallery-item'>\n\t\t\t<div class='gallery-icon landscape'>\n\t\t\t\t<a href='https:\/\/svannenheide.de\/?attachment_id=399'><img loading=\"lazy\" decoding=\"async\" width=\"150\" height=\"150\" src=\"https:\/\/svannenheide.de\/wp-content\/uploads\/2018\/09\/DSC_0755-150x150.jpg\" class=\"attachment-thumbnail size-thumbnail\" alt=\"\" aria-describedby=\"gallery-1-399\" srcset=\"https:\/\/svannenheide.de\/wp-content\/uploads\/2018\/09\/DSC_0755-150x150.jpg 150w, https:\/\/svannenheide.de\/wp-content\/uploads\/2018\/09\/DSC_0755-100x100.jpg 100w\" sizes=\"auto, 100vw\" \/><\/a>\n\t\t\t<\/div>\n\t\t\t\t<figcaption class='wp-caption-text gallery-caption' id='gallery-1-399'>\n\t\t\t\tEinmal ganz doll dr\u00fccken bitte!\n\t\t\t\t<\/figcaption><\/figure><figure class='gallery-item'>\n\t\t\t<div class='gallery-icon landscape'>\n\t\t\t\t<a href='https:\/\/svannenheide.de\/?attachment_id=400'><img loading=\"lazy\" decoding=\"async\" width=\"150\" height=\"150\" src=\"https:\/\/svannenheide.de\/wp-content\/uploads\/2018\/09\/DSC_0764-150x150.jpg\" class=\"attachment-thumbnail size-thumbnail\" alt=\"\" aria-describedby=\"gallery-1-400\" srcset=\"https:\/\/svannenheide.de\/wp-content\/uploads\/2018\/09\/DSC_0764-150x150.jpg 150w, https:\/\/svannenheide.de\/wp-content\/uploads\/2018\/09\/DSC_0764-100x100.jpg 100w\" sizes=\"auto, 100vw\" \/><\/a>\n\t\t\t<\/div>\n\t\t\t\t<figcaption class='wp-caption-text gallery-caption' id='gallery-1-400'>\n\t\t\t\tDie Damenrunde 2018\n\t\t\t\t<\/figcaption><\/figure><figure class='gallery-item'>\n\t\t\t<div class='gallery-icon landscape'>\n\t\t\t\t<a href='https:\/\/svannenheide.de\/?attachment_id=401'><img loading=\"lazy\" decoding=\"async\" width=\"150\" height=\"150\" src=\"https:\/\/svannenheide.de\/wp-content\/uploads\/2018\/09\/DSC_0778-150x150.jpg\" class=\"attachment-thumbnail size-thumbnail\" alt=\"\" aria-describedby=\"gallery-1-401\" srcset=\"https:\/\/svannenheide.de\/wp-content\/uploads\/2018\/09\/DSC_0778-150x150.jpg 150w, https:\/\/svannenheide.de\/wp-content\/uploads\/2018\/09\/DSC_0778-100x100.jpg 100w\" sizes=\"auto, 100vw\" \/><\/a>\n\t\t\t<\/div>\n\t\t\t\t<figcaption class='wp-caption-text gallery-caption' id='gallery-1-401'>\n\t\t\t\t480 Ringe haben diese 8 Kandidaten zusammen. Das sind genau 60 Ringe pro Kopf.\n\t\t\t\t<\/figcaption><\/figure><figure class='gallery-item'>\n\t\t\t<div class='gallery-icon landscape'>\n\t\t\t\t<a href='https:\/\/svannenheide.de\/?attachment_id=402'><img loading=\"lazy\" decoding=\"async\" width=\"150\" height=\"150\" src=\"https:\/\/svannenheide.de\/wp-content\/uploads\/2018\/09\/DSC_0803-150x150.jpg\" class=\"attachment-thumbnail size-thumbnail\" alt=\"\" aria-describedby=\"gallery-1-402\" srcset=\"https:\/\/svannenheide.de\/wp-content\/uploads\/2018\/09\/DSC_0803-150x150.jpg 150w, https:\/\/svannenheide.de\/wp-content\/uploads\/2018\/09\/DSC_0803-100x100.jpg 100w\" sizes=\"auto, 100vw\" \/><\/a>\n\t\t\t<\/div>\n\t\t\t\t<figcaption class='wp-caption-text gallery-caption' id='gallery-1-402'>\n\t\t\t\tSo kann es aussehen, wenn man K\u00f6nig wird.\n\t\t\t\t<\/figcaption><\/figure><figure class='gallery-item'>\n\t\t\t<div class='gallery-icon landscape'>\n\t\t\t\t<a href='https:\/\/svannenheide.de\/?attachment_id=409'><img loading=\"lazy\" decoding=\"async\" width=\"150\" height=\"150\" src=\"https:\/\/svannenheide.de\/wp-content\/uploads\/2018\/09\/DSC_0836-150x150.jpg\" class=\"attachment-thumbnail size-thumbnail\" alt=\"\" aria-describedby=\"gallery-1-409\" srcset=\"https:\/\/svannenheide.de\/wp-content\/uploads\/2018\/09\/DSC_0836-150x150.jpg 150w, https:\/\/svannenheide.de\/wp-content\/uploads\/2018\/09\/DSC_0836-100x100.jpg 100w\" sizes=\"auto, 100vw\" \/><\/a>\n\t\t\t<\/div>\n\t\t\t\t<figcaption class='wp-caption-text gallery-caption' id='gallery-1-409'>\n\t\t\t\tEin paar Special-Effekte m\u00fcssen schon sein \ud83d\ude09\n\t\t\t\t<\/figcaption><\/figure><figure class='gallery-item'>\n\t\t\t<div class='gallery-icon landscape'>\n\t\t\t\t<a href='https:\/\/svannenheide.de\/?attachment_id=392'><img loading=\"lazy\" decoding=\"async\" width=\"150\" height=\"150\" src=\"https:\/\/svannenheide.de\/wp-content\/uploads\/2018\/09\/DSC_0811-150x150.jpg\" class=\"attachment-thumbnail size-thumbnail\" alt=\"\" aria-describedby=\"gallery-1-392\" srcset=\"https:\/\/svannenheide.de\/wp-content\/uploads\/2018\/09\/DSC_0811-150x150.jpg 150w, https:\/\/svannenheide.de\/wp-content\/uploads\/2018\/09\/DSC_0811-100x100.jpg 100w\" sizes=\"auto, 100vw\" \/><\/a>\n\t\t\t<\/div>\n\t\t\t\t<figcaption class='wp-caption-text gallery-caption' id='gallery-1-392'>\n\t\t\t\tv.l.: Altersk\u00f6nig Ewald Dick, Jugendk\u00f6nig Lars Turwitt, Damenk\u00f6nigin Carola Snopienski, K\u00f6nig Gerrit Mester und Sch\u00fclerk\u00f6nig Simon Grape. Vorne: Kinderk\u00f6nig Elias Behrens.\n\t\t\t\t<\/figcaption><\/figure>\n\t\t<\/div>\n\n","protected":false},"excerpt":{"rendered":"","protected":false},"author":1,"featured_media":0,"parent":0,"menu_order":0,"comment_status":"closed","ping_status":"closed","template":"","meta":{"footnotes":""},"class_list":["post-394","page","type-page","status-publish","hentry"],"_links":{"self":[{"href":"https:\/\/svannenheide.de\/index.php?rest_route=\/wp\/v2\/pages\/394","targetHints":{"allow":["GET"]}}],"collection":[{"href":"https:\/\/svannenheide.de\/index.php?rest_route=\/wp\/v2\/pages"}],"about":[{"href":"https:\/\/svannenheide.de\/index.php?rest_route=\/wp\/v2\/types\/page"}],"author":[{"embeddable":true,"href":"https:\/\/svannenheide.de\/index.php?rest_route=\/wp\/v2\/users\/1"}],"replies":[{"embeddable":true,"href":"https:\/\/svannenheide.de\/index.php?rest_route=%2Fwp%2Fv2%2Fcomments&post=394"}],"version-history":[{"count":2,"href":"https:\/\/svannenheide.de\/index.php?rest_route=\/wp\/v2\/pages\/394\/revisions"}],"predecessor-version":[{"id":410,"href":"https:\/\/svannenheide.de\/index.php?rest_route=\/wp\/v2\/pages\/394\/revisions\/410"}],"wp:attachment":[{"href":"https:\/\/svannenheide.de\/index.php?rest_route=%2Fwp%2Fv2%2Fmedia&parent=394"}],"curies":[{"name":"wp","href":"https:\/\/api.w.org\/{rel}","templated":true}]}}