{"id":1156,"date":"2024-02-15T00:25:50","date_gmt":"2024-02-14T23:25:50","guid":{"rendered":"https:\/\/svannenheide.de\/?page_id=1156"},"modified":"2024-02-15T00:47:56","modified_gmt":"2024-02-14T23:47:56","slug":"jetzt-beitreten","status":"publish","type":"page","link":"https:\/\/svannenheide.de\/?page_id=1156","title":{"rendered":"Jetzt Beitreten!"},"content":{"rendered":"\n<p>Wenn Du &#8211; oder Sie &#8211; Interesse hast, unserem Sch\u00fctzenverein beizutreten freuen wir uns dar\u00fcber sehr!<br>Alles was du dazu machen musst ist das folgende Formular auszuf\u00fcllen und an unsere <a href=\"https:\/\/svannenheide.de\/?page_id=78\">erste Vorsitzende<\/a> zu richten!<\/p>\n\n\n\n<div class=\"wp-block-group is-content-justification-center is-nowrap is-layout-flex wp-container-core-group-is-layout-94bc23d7 wp-block-group-is-layout-flex\">\n<div class=\"wp-block-group is-vertical is-layout-flex wp-container-core-group-is-layout-8cf370e7 wp-block-group-is-layout-flex\">\n<div class=\"wp-block-buttons is-content-justification-center is-layout-flex wp-container-core-buttons-is-layout-d9cd0f1e wp-block-buttons-is-layout-flex\">\n<div class=\"wp-block-button is-style-fill\"><a class=\"wp-block-button__link wp-element-button\" href=\"https:\/\/svannenheide.de\/wp-content\/uploads\/2024\/02\/Beitrittserklaerung_24.pdf\">Beitrittsformular<\/a><\/div>\n\n\n\n<div class=\"wp-block-button is-style-fill\"><a class=\"wp-block-button__link has-text-align-center wp-element-button\" href=\"https:\/\/svannenheide.de\/wp-content\/uploads\/2024\/02\/BeitrittSEPA24.pdf\">SEPA-Lastschriftmandat<\/a><\/div>\n<\/div>\n<\/div>\n<\/div>\n\n\n\n<p><br>Wenn du dir noch nicht schl\u00fcssig bist, ob ein Sch\u00fctzenverein (oder im speziellen: wir) das richtige f\u00fcr dich ist komm&#8216; gerne einfach an einem der kommenden Trainingsabende oder auf einer der kommenden Veranstaltungen vorbei!<br>Die n\u00e4chsten Termine findest du im jeweils aktuellen Schie\u00dfplan &#8211; Zweiter Punkt in der oberen Men\u00fcleiste!<\/p>\n","protected":false},"excerpt":{"rendered":"<p>Wenn Du &#8211; oder Sie &#8211; Interesse hast, unserem Sch\u00fctzenverein beizutreten freuen wir uns dar\u00fcber sehr!Alles was du dazu machen musst ist das folgende Formular auszuf\u00fcllen und an unsere erste Vorsitzende zu richten! Wenn du dir noch nicht schl\u00fcssig bist, ob ein Sch\u00fctzenverein (oder im speziellen: wir) das richtige f\u00fcr dich ist komm&#8216; gerne einfach &hellip; <\/p>\n<p class=\"link-more\"><a href=\"https:\/\/svannenheide.de\/?page_id=1156\" class=\"more-link\"><span class=\"screen-reader-text\">\u201eJetzt Beitreten!\u201c <\/span>weiterlesen<\/a><\/p>\n","protected":false},"author":1,"featured_media":0,"parent":0,"menu_order":0,"comment_status":"closed","ping_status":"closed","template":"","meta":{"footnotes":""},"class_list":["post-1156","page","type-page","status-publish","hentry"],"_links":{"self":[{"href":"https:\/\/svannenheide.de\/index.php?rest_route=\/wp\/v2\/pages\/1156","targetHints":{"allow":["GET"]}}],"collection":[{"href":"https:\/\/svannenheide.de\/index.php?rest_route=\/wp\/v2\/pages"}],"about":[{"href":"https:\/\/svannenheide.de\/index.php?rest_route=\/wp\/v2\/types\/page"}],"author":[{"embeddable":true,"href":"https:\/\/svannenheide.de\/index.php?rest_route=\/wp\/v2\/users\/1"}],"replies":[{"embeddable":true,"href":"https:\/\/svannenheide.de\/index.php?rest_route=%2Fwp%2Fv2%2Fcomments&post=1156"}],"version-history":[{"count":4,"href":"https:\/\/svannenheide.de\/index.php?rest_route=\/wp\/v2\/pages\/1156\/revisions"}],"predecessor-version":[{"id":1165,"href":"https:\/\/svannenheide.de\/index.php?rest_route=\/wp\/v2\/pages\/1156\/revisions\/1165"}],"wp:attachment":[{"href":"https:\/\/svannenheide.de\/index.php?rest_route=%2Fwp%2Fv2%2Fmedia&parent=1156"}],"curies":[{"name":"wp","href":"https:\/\/api.w.org\/{rel}","templated":true}]}}