{"id":1027,"date":"2023-01-12T12:43:40","date_gmt":"2023-01-12T11:43:40","guid":{"rendered":"https:\/\/svannenheide.de\/?page_id=1027"},"modified":"2023-01-12T12:43:40","modified_gmt":"2023-01-12T11:43:40","slug":"tutorials-zum-kalender","status":"publish","type":"page","link":"https:\/\/svannenheide.de\/?page_id=1027","title":{"rendered":"Tutorials zum Kalender"},"content":{"rendered":"\n<p>Hier sehr ihr, wie ihr den Kalender unter iOS nicht nur hinzuf\u00fcgen sondern auch korrekt abonnieren k\u00f6nnt, sodass \u00c4nderungen stets direkt \u00fcbernommen werden.<\/p>\n\n\n\n<figure class=\"wp-block-embed is-type-rich is-provider-handler-einbetten wp-block-embed-handler-einbetten\"><div class=\"wp-block-embed__wrapper\">\n<div style=\"width: 525px;\" class=\"wp-video\"><video class=\"wp-video-shortcode\" id=\"video-1027-1\" width=\"525\" height=\"295\" preload=\"metadata\" controls=\"controls\"><source type=\"video\/mp4\" src=\"https:\/\/svannenheide.de\/wp-content\/uploads\/2023\/01\/Kalender_iOS.mp4?_=1\" \/><a href=\"https:\/\/svannenheide.de\/wp-content\/uploads\/2023\/01\/Kalender_iOS.mp4\">https:\/\/svannenheide.de\/wp-content\/uploads\/2023\/01\/Kalender_iOS.mp4<\/a><\/video><\/div>\n<\/div><\/figure>\n","protected":false},"excerpt":{"rendered":"<p>Hier sehr ihr, wie ihr den Kalender unter iOS nicht nur hinzuf\u00fcgen sondern auch korrekt abonnieren k\u00f6nnt, sodass \u00c4nderungen stets direkt \u00fcbernommen werden.<\/p>\n","protected":false},"author":1,"featured_media":0,"parent":0,"menu_order":0,"comment_status":"closed","ping_status":"closed","template":"","meta":{"footnotes":""},"class_list":["post-1027","page","type-page","status-publish","hentry"],"_links":{"self":[{"href":"https:\/\/svannenheide.de\/index.php?rest_route=\/wp\/v2\/pages\/1027","targetHints":{"allow":["GET"]}}],"collection":[{"href":"https:\/\/svannenheide.de\/index.php?rest_route=\/wp\/v2\/pages"}],"about":[{"href":"https:\/\/svannenheide.de\/index.php?rest_route=\/wp\/v2\/types\/page"}],"author":[{"embeddable":true,"href":"https:\/\/svannenheide.de\/index.php?rest_route=\/wp\/v2\/users\/1"}],"replies":[{"embeddable":true,"href":"https:\/\/svannenheide.de\/index.php?rest_route=%2Fwp%2Fv2%2Fcomments&post=1027"}],"version-history":[{"count":1,"href":"https:\/\/svannenheide.de\/index.php?rest_route=\/wp\/v2\/pages\/1027\/revisions"}],"predecessor-version":[{"id":1028,"href":"https:\/\/svannenheide.de\/index.php?rest_route=\/wp\/v2\/pages\/1027\/revisions\/1028"}],"wp:attachment":[{"href":"https:\/\/svannenheide.de\/index.php?rest_route=%2Fwp%2Fv2%2Fmedia&parent=1027"}],"curies":[{"name":"wp","href":"https:\/\/api.w.org\/{rel}","templated":true}]}}